{"id":3235,"date":"2022-03-26T06:56:00","date_gmt":"2022-03-26T06:56:00","guid":{"rendered":"https:\/\/mostra.es\/?page_id=3235"},"modified":"2022-04-02T06:18:27","modified_gmt":"2022-04-02T06:18:27","slug":"saludos-encarna-lineiro-concejala-encaje","status":"publish","type":"page","link":"https:\/\/mostra.es\/es\/saudo-encarna-lineiro-concelleira-encaixe\/","title":{"rendered":"Saludos de Encarna Li\u00f1eiro, Concejala de Encaixe"},"content":{"rendered":"<p>Como Concejala de Encaje, os doy la bienvenida a la p\u00e1gina web de la Muestra de Encaje de Camari\u00f1as de la Diputaci\u00f3n Provincial de A Coru\u00f1a, un espacio de comunicaci\u00f3n \u00fatil que pretende acercar la tradici\u00f3n del encaje y la programaci\u00f3n y novedades del evento a todos los ciudadanos.<\/p>\n\n\n\n<p>Desde este portal abierto al mundo te mostramos qu\u00e9 puedes ver si visitas la capital de la moda en Semana Santa: Camari\u00f1as. Una pasarela de moda que re\u00fane a algunos de los mejores dise\u00f1adores del pa\u00eds y a las j\u00f3venes promesas del sector a trav\u00e9s del concurso de nuevos dise\u00f1adores.<\/p>\n\n\n\n<p>Os invito a que veng\u00e1is a conocernos y a disfrutar de los bellos paisajes y patrimonio que nos rodea: Cabo Vil\u00e1n y su imponente faro, el Cementerio Ingl\u00e9s, el Museo del Hombre y su obra al aire libre, la Virxe do Monte o las espectaculares playas de fina arena blanca de nuestra costa.<\/p>","protected":false},"excerpt":{"rendered":"<p>Como Concelleira de Encaixe, douvos a benvida \u00e1 web da Mostra do Encaixe de Camari\u00f1as Deputaci\u00f3n da Coru\u00f1a, un espazo de comunicaci\u00f3n \u00fatil e que ten o obxectivo de achegar a tradici\u00f3n do encaixe e a programaci\u00f3n e as novidades do evento a toda a cidadan\u00eda. Desde este portal aberto ao mundo amos\u00e1mosvos o que [&hellip;]<\/p>\n","protected":false},"author":3,"featured_media":3259,"parent":0,"menu_order":0,"comment_status":"closed","ping_status":"closed","template":"","meta":{"footnotes":""},"class_list":["post-3235","page","type-page","status-publish","has-post-thumbnail","hentry"],"_links":{"self":[{"href":"https:\/\/mostra.es\/es\/wp-json\/wp\/v2\/pages\/3235","targetHints":{"allow":["GET"]}}],"collection":[{"href":"https:\/\/mostra.es\/es\/wp-json\/wp\/v2\/pages"}],"about":[{"href":"https:\/\/mostra.es\/es\/wp-json\/wp\/v2\/types\/page"}],"author":[{"embeddable":true,"href":"https:\/\/mostra.es\/es\/wp-json\/wp\/v2\/users\/3"}],"replies":[{"embeddable":true,"href":"https:\/\/mostra.es\/es\/wp-json\/wp\/v2\/comments?post=3235"}],"version-history":[{"count":0,"href":"https:\/\/mostra.es\/es\/wp-json\/wp\/v2\/pages\/3235\/revisions"}],"wp:featuredmedia":[{"embeddable":true,"href":"https:\/\/mostra.es\/es\/wp-json\/wp\/v2\/media\/3259"}],"wp:attachment":[{"href":"https:\/\/mostra.es\/es\/wp-json\/wp\/v2\/media?parent=3235"}],"curies":[{"name":"gracias","href":"https:\/\/api.w.org\/{rel}","templated":true}]}}