{"id":219,"date":"2020-01-18T16:45:03","date_gmt":"2020-01-18T16:45:03","guid":{"rendered":"https:\/\/mostradoencaixe.es\/index.php\/politica-de-cookies\/"},"modified":"2025-03-08T11:53:36","modified_gmt":"2025-03-08T10:53:36","slug":"politica-de-cookies","status":"publish","type":"page","link":"https:\/\/mostra.es\/es\/politica-de-cookies\/","title":{"rendered":"Pol\u00edtica de cookies"},"content":{"rendered":"<h2 class=\"wp-block-heading\">\u00bfQu\u00e9 son las cookies?<\/h2>\n\n\n\n<p>En ingl\u00e9s, el t\u00e9rmino \u201ccookie\u201d significa galleta, pero en el \u00e1mbito de la navegaci\u00f3n web, una \u201ccookie\u201d es algo completamente diferente. Cuando accede a nuestro sitio web, se almacena una peque\u00f1a cantidad de texto llamada \u201ccookie\u201d en el navegador de su dispositivo. Este texto contiene informaci\u00f3n variada sobre tu navegaci\u00f3n, h\u00e1bitos, preferencias, personalizaciones de contenidos, etc...<\/p>\n\n\n\n<p>Existen otras tecnolog\u00edas que funcionan de manera similar y tambi\u00e9n se utilizan para recopilar datos sobre su actividad de navegaci\u00f3n. A todas estas tecnolog\u00edas las llamaremos en su conjunto \u201ccookies\u201d.<\/p>\n\n\n\n<p>Los usos espec\u00edficos que hacemos de estas tecnolog\u00edas se describen en este documento.<\/p>\n\n\n\n<h2 class=\"wp-block-heading\">\u00bfPara qu\u00e9 se utilizan las cookies en este sitio web?<\/h2>\n\n\n\n<p>Las cookies son una parte esencial del funcionamiento del sitio web. El objetivo principal de nuestras cookies es mejorar tu experiencia de navegaci\u00f3n. Por ejemplo, para recordar tus preferencias (idioma, pa\u00eds, etc.) durante la navegaci\u00f3n y en futuras visitas. La informaci\u00f3n reconocida en las cookies tambi\u00e9n nos permite mejorar el sitio web, adaptarlo a tus intereses como usuario, agilizar las b\u00fasquedas que realizas, etc.<\/p>\n\n\n\n<p>En determinados casos, si hemos obtenido su consentimiento informado previo, podremos utilizar cookies para otros usos, como por ejemplo para obtener informaci\u00f3n que nos permita mostrarle publicidad basada en el an\u00e1lisis de sus h\u00e1bitos de navegaci\u00f3n.<\/p>\n\n\n\n<h2 class=\"wp-block-heading\">\u00bfPor qu\u00e9 NO se utilizan cookies en este sitio web?<\/h2>\n\n\n\n<p>Las cookies que utilizamos no almacenan informaci\u00f3n sensible de identificaci\u00f3n personal como su nombre, direcci\u00f3n, su contrase\u00f1a, etc.<\/p>\n\n\n\n<h2 class=\"wp-block-heading\">\u00bfQuieres utilizar la informaci\u00f3n almacenada en las cookies?<\/h2>\n\n\n\n<p>La informaci\u00f3n almacenada en las cookies de nuestro Sitio Web es utilizada exclusivamente por nosotros, a excepci\u00f3n de aquellas identificadas a continuaci\u00f3n como \u201ccookies de terceros\u201d, que son utilizadas y gestionadas por entidades externas que proporcionan servicios que mejoran la experiencia del usuario. Por ejemplo, las estad\u00edsticas que se reconocen sobre el n\u00famero de visitas, los contenidos que m\u00e1s gustan, etc. las suele gestionar Google Analytics.<\/p>\n\n\n\n<h2 class=\"wp-block-heading\">\u00bfC\u00f3mo puedes evitar el uso de cookies en este sitio web?<\/h2>\n\n\n\n<p>Si prefieres evitar el uso de cookies, puedes RECHAZAR su uso o puedes CONFIGURAR qu\u00e9 quieres evitar y cu\u00e1les permites que se utilicen (en este documento te damos informaci\u00f3n ampliada respecto de cada tipo de cookie, su finalidad, destinatario, temporalidad, etc..).<\/p>\n\n\n\n<p>Si las has aceptado, no volveremos a preguntarte a menos que borres las cookies de tu dispositivo tal y como se indica en el siguiente apartado. Si desea revocar el consentimiento, deber\u00e1 eliminar las cookies y volver a configurarlas.<\/p>\n\n\n\n<h2 class=\"wp-block-heading\">\u00bfC\u00f3mo deshabilitar y eliminar el uso de cookies?<\/h2>\n\n\n\n<p>El Titular muestra informaci\u00f3n sobre su Pol\u00edtica de Cookies en el banner de cookies accesible en todas las p\u00e1ginas del Sitio Web. El banner de cookies muestra informaci\u00f3n esencial sobre el procesamiento de datos y permite al usuario realizar las siguientes acciones:<\/p>\n\n\n\n<ul class=\"wp-block-list\">\n<li>ACEPTAR o RECHAZAR la instalaci\u00f3n de cookies, o revocar el consentimiento previamente otorgado.<\/li>\n\n\n\n<li>Cambia tus preferencias de cookies desde la p\u00e1gina Personalizar Cookies, para que puedas acceder a ella desde el Aviso de Cookies o desde la p\u00e1gina.\u00a0<a href=\"https:\/\/mostra.es\/es\/personalizar-cookies\/\">Personalizar cookies<\/a>.<\/li>\n\n\n\n<li>Obtenga informaci\u00f3n adicional en la p\u00e1gina\u00a0<a href=\"https:\/\/mostra.es\/es\/politica-de-cookies\/\">Pol\u00edtica de cookies<\/a>.<\/li>\n<\/ul>\n\n\n\n<p>Para restringir, bloquear o eliminar las cookies de este Sitio Web (y las utilizadas por terceros) puede hacerlo en cualquier momento modificando la configuraci\u00f3n de su navegador. Tenga en cuenta que esta configuraci\u00f3n es diferente en cada navegador.<\/p>\n\n\n\n<p>En los siguientes enlaces encontrar\u00e1 instrucciones para habilitar o deshabilitar las cookies en los navegadores m\u00e1s comunes.<\/p>\n\n\n\n<ul class=\"wp-block-list\">\n<li><a href=\"http:\/\/support.mozilla.org\/es\/kb\/habilitar-y-deshabilitar-cookies-que-los-sitios-we\" target=\"_blank\" rel=\"noreferrer noopener\">Firefox<\/a><\/li>\n\n\n\n<li><a href=\"https:\/\/support.google.com\/chrome\/answer\/95647?hl=es\" target=\"_blank\" rel=\"noreferrer noopener\">Google Chrome<\/a><\/li>\n\n\n\n<li><a href=\"https:\/\/support.microsoft.com\/es-es\/help\/17442\/windows-internet-explorer-delete-manage-cookies#ie=%22ie-10\" target=\"_blank\" rel=\"noreferrer noopener\">Explorador de Internet<\/a><\/li>\n\n\n\n<li><a href=\"https:\/\/support.microsoft.com\/es-es\/help\/4468242\/microsoft-edge-browsing-data-and-privacy\" target=\"_blank\" rel=\"noreferrer noopener\">Microsoft Edge<\/a><\/li>\n\n\n\n<li><a href=\"http:\/\/support.apple.com\/kb\/HT1677?viewlocale=es_ES\" target=\"_blank\" rel=\"noreferrer noopener\">Safari<\/a><\/li>\n<\/ul>\n\n\n\n<h2 class=\"wp-block-heading\">\u00bfQu\u00e9 tipos de cookies se utilizan en este sitio web?<\/h2>\n\n\n\n<p>Cada sitio web utiliza sus propias cookies. En nuestro sitio web utilizamos lo siguiente:<\/p>\n\n\n\n<p><strong>SEG\u00daN LA ENTIDAD QUE LA GESTIONE<\/strong><\/p>\n\n\n\n<p><strong>Cookies propias:<\/strong><\/p>\n\n\n\n<p>Son aquellas que se env\u00edan al equipo terminal del Usuario desde un equipo o dominio gestionado por el propio editor y desde el que se presta el servicio solicitado por el Usuario.<\/p>\n\n\n\n<p><strong>Cookies de terceros:<\/strong><\/p>\n\n\n\n<p>Son aquellas que se env\u00edan al equipo terminal del Usuario desde un equipo o dominio que no es gestionado por el editor, sino por otra entidad que trata los datos obtenidos trav\u00e9s de las cookies.<\/p>\n\n\n\n<p>En el caso de que las cookies sean servidas desde un equipo o dominio gestionado por el propio editor, pero la informaci\u00f3n que se recoja mediante \u00e9stas sea gestionada por un tercero, no pueden ser consideradas como cookies propias y el tercero las utilice para sus propias finalidades. (por ejemplo, la mejora de los servicios que presta o la prestaci\u00f3n de servicios de publicidad a favor de otras entidades).<\/p>\n\n\n\n<p><strong>SEG\u00daN SU FINALIDAD<\/strong><\/p>\n\n\n\n<p><strong>T\u00e9cnicas de cookies:<\/strong><\/p>\n\n\n\n<p>Son aquellas necesarias para la navegaci\u00f3n y el correcto funcionamiento de nuestra web, como, por ejemplo, controlar el tr\u00e1fico y la comunicaci\u00f3n de datos, identificar la sesi\u00f3n, acceder a partes de acceso restringido, realizar la solicitud de inscripci\u00f3n o participaci\u00f3n en un evento, contar visitas a efectos de la facturaci\u00f3n de licencias del software con el que funciona el servicio del Sitio Web, utilizar elementos de seguridad durante la navegaci\u00f3n, almacenar contenidos para la difusi\u00f3n de v\u00eddeos o sonido, habilitar contenidos din\u00e1micos (por ejemplo, animaci\u00f3n de carga de texto). o imagen) o compartir contenido a trav\u00e9s de redes sociales.<\/p>\n\n\n\n<p><strong>Cookies de an\u00e1lisis:<\/strong><\/p>\n\n\n\n<p>Nos permiten cuantificar el n\u00famero de usuarios y as\u00ed realizar la medici\u00f3n y an\u00e1lisis estad\u00edstico de la utilizaci\u00f3n que hacen los usuarios del Sitio Web.<\/p>\n\n\n\n<p><strong>Cookies de preferencias o personalizaci\u00f3n:<\/strong><\/p>\n\n\n\n<p>Son aquellas que permiten recordar informaci\u00f3n para que el Usuario acceda al servicio con determinadas caracter\u00edsticas que pueden diferenciar su experiencia de la de otros usuarios, como por ejemplo, el idioma, el n\u00famero de resultados a mostrar cuando el Usuario realiza una b\u00fasqueda, el aspecto. el contenido del servicio en funci\u00f3n del tipo de navegador a trav\u00e9s del cual el Usuario accede al servicio o de la regi\u00f3n desde la que accede al servicio, etc.<\/p>\n\n\n\n<p><strong>SEG\u00daN EL TIEMPO QUE PERMANECEN ACTIVADAS<\/strong><\/p>\n\n\n\n<p><strong>Cookies de sesi\u00f3n:<\/strong><\/p>\n\n\n\n<p>Son aquellas dise\u00f1adas para recabar y almacenar datos mientras el usuario accede a una p\u00e1gina web.<\/p>\n\n\n\n<p>Se suelen emplear para almacenar informaci\u00f3n que solo interesa conservar para la prestaci\u00f3n del servicio solicitado por el Usuario en una sola ocasi\u00f3n (por ejemplo, una lista de productos adquiridos) y desaparecen al terminar la sesi\u00f3n.<\/p>\n\n\n\n<p><strong>Cookies persistentes:<\/strong><\/p>\n\n\n\n<p>Son aquellas en las que los datos siguen almacenados en el terminal y pueden ser accedidos y tratados durante un periodo definido por el responsable de la cookie, y que puede ir de unos minutos a varios a\u00f1os. En este sentido, se deber\u00e1 valorar espec\u00edficamente si es necesario el uso de cookies persistentes, ya que los riesgos para la privacidad podr\u00edan reducirse mediante el uso de cookies de sesi\u00f3n. En todo caso, cuando se instalen cookies persistentes, se recomienda reducir su duraci\u00f3n temporal al m\u00ednimo necesario, teniendo en cuenta la finalidad de su uso. A tal efecto, el Dictamen 4\/2012 del GT29 indic\u00f3 que para que una cookie est\u00e9 exenta del consentimiento informado, su caducidad debe estar relacionada con su finalidad. Debido a esto, es mucho m\u00e1s probable que las cookies de sesi\u00f3n se consideren exentas que las cookies persistentes.<\/p>\n\n\n\n<p><strong>Detalle de las cookies utilizadas en este sitio web:<\/strong><\/p>","protected":false},"excerpt":{"rendered":"<p>Que son as cookies? En ingl\u00e9s, o t\u00e9rmino &#8220;cookie&#8221; significa galleta, pero no \u00e1mbito da navegaci\u00f3n web, unha &#8220;cookie&#8221; \u00e9 algo completamente distinto. Cando acceda ao noso Sitio Web, no navegador do seu dispositivo almacena unha pequena cantidade de texto que se denomina &#8220;cookie&#8221;. Este texto cont\u00e9n informaci\u00f3n variada sobre a s\u00faa navegaci\u00f3n, h\u00e1bitos, preferencias, [&hellip;]<\/p>\n","protected":false},"author":1,"featured_media":0,"parent":0,"menu_order":0,"comment_status":"closed","ping_status":"closed","template":"","meta":{"footnotes":""},"class_list":["post-219","page","type-page","status-publish","hentry"],"_links":{"self":[{"href":"https:\/\/mostra.es\/es\/wp-json\/wp\/v2\/pages\/219","targetHints":{"allow":["GET"]}}],"collection":[{"href":"https:\/\/mostra.es\/es\/wp-json\/wp\/v2\/pages"}],"about":[{"href":"https:\/\/mostra.es\/es\/wp-json\/wp\/v2\/types\/page"}],"author":[{"embeddable":true,"href":"https:\/\/mostra.es\/es\/wp-json\/wp\/v2\/users\/1"}],"replies":[{"embeddable":true,"href":"https:\/\/mostra.es\/es\/wp-json\/wp\/v2\/comments?post=219"}],"version-history":[{"count":0,"href":"https:\/\/mostra.es\/es\/wp-json\/wp\/v2\/pages\/219\/revisions"}],"wp:attachment":[{"href":"https:\/\/mostra.es\/es\/wp-json\/wp\/v2\/media?parent=219"}],"curies":[{"name":"gracias","href":"https:\/\/api.w.org\/{rel}","templated":true}]}}