{"id":217,"date":"2020-01-18T16:45:03","date_gmt":"2020-01-18T16:45:03","guid":{"rendered":"https:\/\/mostradoencaixe.es\/index.php\/aviso-legal\/"},"modified":"2025-03-08T11:53:41","modified_gmt":"2025-03-08T10:53:41","slug":"aviso-legal","status":"publish","type":"page","link":"https:\/\/mostra.es\/es\/aviso-legal\/","title":{"rendered":"Aviso legal"},"content":{"rendered":"<h2 class=\"wp-block-heading\">Identificaci\u00f3n y titularidad<\/h2>\n\n\n\n<p>En cumplimiento del art\u00edculo 10 de la Ley 34\/2002, de 11 de julio, de Servicios de la Sociedad de la Informaci\u00f3n y de Comercio Electr\u00f3nico, el Titular presenta sus datos identificativos:<\/p>\n\n\n\n<ul class=\"wp-block-list\">\n<li><strong>Titular:<\/strong>\u00a0 Concello de Camari\u00f1as.<\/li>\n\n\n\n<li><strong>Identificaci\u00f3n fiscal:<\/strong>\u00a0P1501600I<\/li>\n\n\n\n<li><strong>DIRECCI\u00d3N:<\/strong>\u00a0 Plaza de la Insuela, A Coru\u00f1a \u2013 Espa\u00f1a.<\/li>\n\n\n\n<li><strong>Correo electr\u00f3nico:<\/strong>\u00a0 doloreslema.mostra@camarinas.net<\/li>\n\n\n\n<li><strong>Sitio web:<\/strong>\u00a0\u00a0<a href=\"https:\/\/mostra.es\/es\/\">https:\/\/mostra.es<\/a><\/li>\n<\/ul>\n\n\n\n<h2 class=\"wp-block-heading\">Objetivo<\/h2>\n\n\n\n<p>La finalidad del sitio web es: Sitio web informativo sobre la Mostra do Encaixe.<\/p>\n\n\n\n<h2 class=\"wp-block-heading\">Condiciones de uso<\/h2>\n\n\n\n<p>La utilizaci\u00f3n del Sitio Web le atribuye la condici\u00f3n de Usuario, e implica la aceptaci\u00f3n completa de todas las cl\u00e1usulas y condiciones de uso incluidas en las p\u00e1ginas:<\/p>\n\n\n\n<ul class=\"wp-block-list\">\n<li><a href=\"https:\/\/mostra.es\/es\/aviso-legal\/\">Aviso legal<\/a><\/li>\n\n\n\n<li><a href=\"https:\/\/mostra.es\/es\/politica-de-privacidad\/\">pol\u00edtica de privacidad<\/a><\/li>\n\n\n\n<li><a href=\"https:\/\/mostra.es\/es\/politica-de-cookies\/\">Pol\u00edtica de cookies<\/a><\/li>\n<\/ul>\n\n\n\n<p>Si no est\u00e1 de acuerdo con todas y cada una de estas cl\u00e1usulas y condiciones, le rogamos se abstenga de utilizar el Sitio Web.<\/p>\n\n\n\n<p>El acceso al Sitio Web no supone, en modo alguno, el inicio de una relaci\u00f3n comercial con el Titular.<\/p>\n\n\n\n<p>A trav\u00e9s del Sitio Web, el Titular facilita el acceso y la utilizaci\u00f3n de diversos contenidos que el Titular y\/o sus colaboradores han publicado por medio de Internet.<\/p>\n\n\n\n<p>A tal efecto, usted est\u00e1 obligado y comprometido a NO utilizar cualquiera de los contenidos del Sitio Web con fines o efectos il\u00edcitos, prohibidos en este Aviso Legal o por la legislaci\u00f3n vigente, los derechos e intereses de terceros, o de cualquier forma que puedan. da\u00f1ar, inutilizar, sobrecargar, deteriorar o impedir la normal utilizaci\u00f3n de los contenidos, los equipos inform\u00e1ticos o los documentos, archivos y toda clase de contenidos almacenados en cualquier equipo inform\u00e1tico de la propia empresa. o contratados por el Titular, otros usuarios o cualquier usuario de Internet.<\/p>\n\n\n\n<h2 class=\"wp-block-heading\">Medidas de seguridad<\/h2>\n\n\n\n<p>Los datos personales que usted facilite al Titular podr\u00e1n ser almacenados en bases de datos automatizadas o no, y su titularidad corresponde en exclusiva al Titular, asumiendo \u00e9l todas las medidas t\u00e9cnicas, organizativas y de seguridad que garantizan la confidencialidad, integridad y calidad de la informaci\u00f3n. disputa de conformidad con lo dispuesto en la normativa vigente en protecci\u00f3n de datos.<\/p>\n\n\n\n<p>Sin embargo, debes ser consciente de que las medidas de seguridad de los sistemas inform\u00e1ticos en Internet no son enteramente fiables y que, por tanto el Titular no puede garantizar la inexistencia de virus u otros elementos que puedan producir alteraciones en los sistemas inform\u00e1ticos (software y hardware) del Usuario o en sus documentos electr\u00f3nicos y ficheros contenidos en los mismos aunque el Titular pone todos los medios necesarios y toma las medidas de seguridad oportunas para evitar la presencia de estos elementos da\u00f1inos.<\/p>\n\n\n\n<h2 class=\"wp-block-heading\">Tratamiento de datos personales<\/h2>\n\n\n\n<p>Puede consultar toda la informaci\u00f3n relativa al tratamiento de datos personales que reconoce el Titular en la p\u00e1gina de&nbsp;<a href=\"https:\/\/mostra.es\/es\/politica-de-privacidad\/\">pol\u00edtica de privacidad<\/a>.<\/p>\n\n\n\n<h2 class=\"wp-block-heading\">Contenido<\/h2>\n\n\n\n<p>El Titular ha obtenido la informaci\u00f3n, el contenido multimedia y los materiales incluidos en el Sitio Web de fuentes que considera fiables, pero si bien ha tomado todas las medidas razonables para asegurar que la informaci\u00f3n contenida es correcta, el Titular no garantiza que sea exacta. , completo o actualizado. El Titular declina expresamente cualquier responsabilidad por error u omisi\u00f3n en la informaci\u00f3n contenida en las p\u00e1ginas del Sitio Web.<\/p>\n\n\n\n<p>Queda prohibido transmitir o enviar a trav\u00e9s del Sitio Web cualquier contenido ilegal o il\u00edcito, virus inform\u00e1ticos, o mensajes que, en general, afecten violentamente derechos del Titular o de terceros.<\/p>\n\n\n\n<p>Los contenidos del Sitio Web tienen car\u00e1cter meramente informativo y en ning\u00fan caso deben utilizarse ni considerarse como una oferta de venta, una solicitud de una oferta de compra ni una recomendaci\u00f3n para realizar cualquier otra operaci\u00f3n, salvo que se indique expresamente.<\/p>\n\n\n\n<p>El Titular se reserva el derecho a modificar, suspender, cancelar o restringir el contenido del Sitio Web, los v\u00ednculos o la informaci\u00f3n obtenida a trav\u00e9s del Sitio Web, sin necesidad de previo aviso.<\/p>\n\n\n\n<p>El Titular no es responsable de los da\u00f1os y perjuicios que pudieran derivarse de la utilizaci\u00f3n de la informaci\u00f3n del Sitio Web o del contenido de las redes sociales del Titular.<\/p>\n\n\n\n<h2 class=\"wp-block-heading\">Pol\u00edtica de cookies<\/h2>\n\n\n\n<p>Puedes consultar toda la informaci\u00f3n relativa a la pol\u00edtica de recogida y tratamiento de cookies en la p\u00e1gina de&nbsp;<a href=\"https:\/\/mostra.es\/es\/politica-de-cookies\/\">Pol\u00edtica de cookies<\/a>.<\/p>\n\n\n\n<h2 class=\"wp-block-heading\">Enlaces a otros sitios web<\/h2>\n\n\n\n<p>El Titular podr\u00e1 proporcionarle acceso a sitios web de terceros mediante enlaces con la exclusiva finalidad de informarle sobre la existencia de otras fuentes de informaci\u00f3n en Internet en las que podr\u00e1 ampliar los datos ofrecidos en el Sitio Web.<\/p>\n\n\n\n<p>Estos enlaces a otros sitios Web no constituyen en ning\u00fan caso una sugerencia o recomendaci\u00f3n para que usted visite las p\u00e1ginas web de destino, que est\u00e1n fuera del control del Titular, por lo que \u00e9ste no es responsable del contenido de los sitios web enlazados ni de la. resultado que obtienes al seguir los enlaces. Asimismo, el Titular no responde de los links o enlaces ubicados en los sitios web vinculados a aqu\u00e9l al que le proporciona acceso.<\/p>\n\n\n\n<p>El establecimiento del enlace no implica en ning\u00fan caso la existencia de relaciones entre el Titular y el propietario del sitio en el que se establezca el enlace, ni la aceptaci\u00f3n o aprobaci\u00f3n por parte del Titular de sus contenidos o servicios.<\/p>\n\n\n\n<p>Si accede a un sitio web externo desde un enlace que encuentre en el Sitio Web, deber\u00e1 leer la pol\u00edtica de privacidad del otro sitio web, que puede ser diferente a la del Sitio Web.<\/p>\n\n\n\n<h2 class=\"wp-block-heading\">Propiedad intelectual e industrial<\/h2>\n\n\n\n<p>Reservados todos los derechos.<\/p>\n\n\n\n<p>Todo acceso a este Sitio Web est\u00e1 sujeto a las siguientes condiciones: la reproducci\u00f3n, almacenaje permanente y la difusi\u00f3n de los contenidos o cualquier otro uso que tenga finalidad p\u00fablica o comercial queda expresamente prohibida sin el consentimiento previo expreso y por escrito del Titular.<\/p>\n\n\n\n<h2 class=\"wp-block-heading\">Limitaci\u00f3n de responsabilidad<\/h2>\n\n\n\n<p>La informaci\u00f3n y servicios incluidos o disponibles a trav\u00e9s del Sitio Web pueden incluir inexactitudes o errores tipogr\u00e1ficos. El Titular incorpora peri\u00f3dicamente mejoras y\/o cambios a la informaci\u00f3n contenida y\/o a los Servicios que pueda introducir en cualquier momento.<\/p>\n\n\n\n<p>El Titular no declara ni garantiza que los servicios o contenidos sean interrumpidos o que est\u00e9n libres de errores, que los defectos sean corregidos, o que el servicio o el servidor que pone a disposici\u00f3n est\u00e9n libres de virus u otros componentes nocivos sin perjuicio de ello. El Titular realiza todos los esfuerzos posibles para evitar este tipo de incidentes.<\/p>\n\n\n\n<p>El Titular declina cualquier responsabilidad en caso de que existan interrupciones o un mal funcionamiento de los servicios o contenidos ofrecidos en Internet, cualquiera que sea su causa. Asimismo, el Titular no es responsable por ca\u00eddas de la red, p\u00e9rdidas de negocio a consecuencia de dichas ca\u00eddas, suspensiones temporales de fluido el\u00e9ctrico o cualquier otro tipo de da\u00f1o indirecto que te pueda ser causado por causas ajenas al Titular.<\/p>\n\n\n\n<p>Antes de tomar decisiones y\/o acciones con base a la informaci\u00f3n incluida en el Sitio Web, el Titular le recomienda comprobar y contrastar la informaci\u00f3n recibida con otras fuentes.<\/p>\n\n\n\n<h2 class=\"wp-block-heading\">Jurisdicci\u00f3n<\/h2>\n\n\n\n<p>El presente Aviso Legal se rige \u00edntegramente por la legislaci\u00f3n espa\u00f1ola.<\/p>\n\n\n\n<h2 class=\"wp-block-heading\">Contacto<\/h2>\n\n\n\n<p>Si tiene alguna duda acerca de este Aviso Legal o desea realizar cualquier comentario sobre el Sitio Web, puede enviar un correo electr\u00f3nico a la siguiente direcci\u00f3n: doloreslema.mostra@camarinas.net<\/p>","protected":false},"excerpt":{"rendered":"<p>Identificaci\u00f3n e Titularidade En cumprimento do artigo 10 da Lei 34\/2002, de 11 de xullo, de Servizos da Sociedade da Informaci\u00f3n e do Comercio Electr\u00f3nico, o Titular exp\u00f3n os seus datos identificativos: Finalidade A finalidade do sitio web \u00e9: P\u00e1gina web de informaci\u00f3n sobre a Mostra do Encaixe. Condici\u00f3ns de Uso A utilizaci\u00f3n do Sitio [&hellip;]<\/p>\n","protected":false},"author":1,"featured_media":0,"parent":0,"menu_order":0,"comment_status":"closed","ping_status":"closed","template":"","meta":{"footnotes":""},"class_list":["post-217","page","type-page","status-publish","hentry"],"_links":{"self":[{"href":"https:\/\/mostra.es\/es\/wp-json\/wp\/v2\/pages\/217","targetHints":{"allow":["GET"]}}],"collection":[{"href":"https:\/\/mostra.es\/es\/wp-json\/wp\/v2\/pages"}],"about":[{"href":"https:\/\/mostra.es\/es\/wp-json\/wp\/v2\/types\/page"}],"author":[{"embeddable":true,"href":"https:\/\/mostra.es\/es\/wp-json\/wp\/v2\/users\/1"}],"replies":[{"embeddable":true,"href":"https:\/\/mostra.es\/es\/wp-json\/wp\/v2\/comments?post=217"}],"version-history":[{"count":0,"href":"https:\/\/mostra.es\/es\/wp-json\/wp\/v2\/pages\/217\/revisions"}],"wp:attachment":[{"href":"https:\/\/mostra.es\/es\/wp-json\/wp\/v2\/media?parent=217"}],"curies":[{"name":"gracias","href":"https:\/\/api.w.org\/{rel}","templated":true}]}}