{"id":2159,"date":"2021-03-30T06:44:02","date_gmt":"2021-03-30T06:44:02","guid":{"rendered":"https:\/\/mostra.es\/?page_id=2159"},"modified":"2021-03-30T06:48:18","modified_gmt":"2021-03-30T06:48:18","slug":"2-espectaculos-virtuales","status":"publish","type":"page","link":"https:\/\/mostra.es\/es\/mostra-virtual\/2-mostra-virtual\/","title":{"rendered":"II Exposici\u00f3n Virtual"},"content":{"rendered":"<div data-elementor-type=\"wp-page\" data-elementor-id=\"2159\" class=\"elementor elementor-2159\" data-elementor-post-type=\"page\">\n\t\t\t\t\t\t<section class=\"elementor-section elementor-top-section elementor-element elementor-element-6fcccd5e elementor-section-boxed elementor-section-height-default elementor-section-height-default\" data-id=\"6fcccd5e\" data-element_type=\"section\" data-e-type=\"section\" data-settings=\"{&quot;_ob_glider_is_slider&quot;:&quot;no&quot;,&quot;jet_parallax_layout_list&quot;:[]}\">\n\t\t\t\t\t\t<div class=\"elementor-container elementor-column-gap-default\">\n\t\t\t\t\t<div class=\"elementor-column elementor-col-100 elementor-top-column elementor-element elementor-element-dfe7dea\" data-id=\"dfe7dea\" data-element_type=\"column\" data-e-type=\"column\" data-settings=\"{&quot;_ob_column_hoveranimator&quot;:&quot;no&quot;,&quot;_ob_column_has_pseudo&quot;:&quot;no&quot;}\">\n\t\t\t<div class=\"elementor-widget-wrap elementor-element-populated\">\n\t\t\t\t\t\t<div class=\"elementor-element elementor-element-64f4c6e3 ob-harakiri-inherit ob-has-background-overlay elementor-widget elementor-widget-text-editor\" data-id=\"64f4c6e3\" data-element_type=\"widget\" data-e-type=\"widget\" data-settings=\"{&quot;_ob_use_harakiri&quot;:&quot;yes&quot;,&quot;_ob_harakiri_writing_mode&quot;:&quot;inherit&quot;,&quot;_ob_postman_use&quot;:&quot;no&quot;,&quot;_ob_widget_stalker_use&quot;:&quot;no&quot;,&quot;_ob_poopart_use&quot;:&quot;yes&quot;,&quot;_ob_shadough_use&quot;:&quot;no&quot;,&quot;_ob_allow_hoveranimator&quot;:&quot;no&quot;}\" data-widget_type=\"text-editor.default\">\n\t\t\t\t<div class=\"elementor-widget-container\">\n\t\t\t\t\t\t\t\t\t<div class=\"automatic-youtube-gallery ayg\">\n        <ayg-theme-classic id=\"ayg-04b1ef11df6c3e478da165c6c8915b2e\" class=\"ayg-theme ayg-theme-classic\" data-params=\"{&quot;uid&quot;:&quot;04b1ef11df6c3e478da165c6c8915b2e&quot;,&quot;loop&quot;:0,&quot;autoadvance&quot;:1,&quot;player_title&quot;:1,&quot;player_description&quot;:1}\"><\/p>\n<div class=\"ayg-player\">\n<div class=\"ayg-player-container\" style=\"max-width: 100%;\">\n                <ayg-player src=\"https:\/\/www.youtube.com\/embed\/qe7cEhj2rL0?enablejsapi=1&#038;playsinline=1&#038;rel=0&#038;autoplay=1&#038;modestbranding=1&#038;iv_load_policy=3\" ratio=\"56.25\" title=\"Tr\u00e1iler II Muestra Virtual del Encaje de Camari\u00f1as\" poster=\"https:\/\/i.ytimg.com\/vi\/qe7cEhj2rL0\/maxresdefault.jpg\"><\/ayg-player>\n            <\/div>\n<div class=\"ayg-player-caption\">\n<h2 class=\"ayg-player-title\">Tr\u00e1iler II Muestra Virtual del Encaje de Camari\u00f1as<\/h2>\n<p>                    <ayg-description class=\"ayg-player-description\">\ud83d\udce3\u2757\u00a1Comienza la #IIMostraVirtual! Echa un vistazo al \ud83c\udfa5 v\u00eddeo promocional de la colecci\u00f3n J\u00f3venes Dise\u00f1adores \ud83d\udd0e<\/p>\n<p>\ud83d\udd1b\u00a1Hay mucho por delante!<\/ayg-description>\n                            <\/div>\n<\/p><\/div>\n<div class=\"ayg-videos ayg-gallery ayg-row\">\n<div class=\"ayg-video ayg-video-qe7cEhj2rL0 ayg-col ayg-col-3 ayg-col-xs-2 ayg-active\">\n<div class=\"ayg-thumbnail\" data-id=\"qe7cEhj2rL0\" data-title=\"Trailer II Mostra Virtual do Encaixe de Camari\u00f1as\" data-url=\"\">\n<div class=\"ayg-thumbnail-media\" style=\"--ayg-image-ratio: 16 \/ 9\">\n        <img fetchpriority=\"high\" src=\"https:\/\/i.ytimg.com\/vi\/qe7cEhj2rL0\/maxresdefault.jpg\" class=\"ayg-thumbnail-image\" width=\"1280\" height=\"720\" alt=\"Tr\u00e1iler II Muestra Virtual del Encaje de Camari\u00f1as\" decoding=\"async\" title=\"\"><\/p>\n<div class=\"ayg-thumbnail-now-playing\" style=\"display: none;\">Ahora en reproducci\u00f3n<\/div>\n<p><svg xmlns=\"http:\/\/www.w3.org\/2000\/svg\" fill=\"white\" width=\"40\" height=\"40\" viewbox=\"0 0 24 24\" class=\"ayg-icon ayg-thumbnail-icon-play\" title=\"Jugar\" aria-label=\"Jugar\"><path fill-rule=\"evenodd\" d=\"M2.25 12c0-5.385 4.365-9.75 9.75-9.75s9.75 4.365 9.75 9.75-4.365 9.75-9.75 9.75S2.25 17.385 2.25 12Zm14.024-.983a1.125 1.125 0 0 1 0 1.966l-5.603 3.113A1.125 1.125 0 0 1 9 15.113V8.887c0-.857.921-1.4 1.671-.983l5.603 3.113Z\" clip-rule=\"evenodd\" \/><\/svg>\n    <\/div>\n<div class=\"ayg-thumbnail-caption\">\n<div class=\"ayg-thumbnail-title\">Tr\u00e1iler II Muestra Virtual del Encaje de Camari\u00f1as<\/div>\n<div class=\"ayg-thumbnail-excerpt\">\ud83d\udce3\u2757\u00a1Comienza la #IIMostraVirtual! Echa un vistazo al v\u00eddeo \ud83c\udfa5\u2026<\/div>\n<div class=\"ayg-thumbnail-description\" style=\"display: none;\">\ud83d\udce3\u2757\u00a1Comienza la #IIMostraVirtual! Echa un vistazo al \ud83c\udfa5 v\u00eddeo promocional de la colecci\u00f3n J\u00f3venes Dise\u00f1adores \ud83d\udd0e<\/p>\n<p>\ud83d\udd1b\u00a1Hay mucho por delante!<\/p><\/div>\n<\/p><\/div>\n<\/div><\/div>\n<div class=\"ayg-video ayg-video-2B2w_H6hgCs ayg-col ayg-col-3 ayg-col-xs-2\">\n<div class=\"ayg-thumbnail\" data-id=\"2B2w_H6hgCs\" data-title=\"Colecci\u00f3n &#039;Denantes mortas que escravas&#039;\" data-url=\"\">\n<div class=\"ayg-thumbnail-media\" style=\"--ayg-image-ratio: 16 \/ 9\">\n        <img src=\"https:\/\/i.ytimg.com\/vi\/2B2w_H6hgCs\/maxresdefault.jpg\" class=\"ayg-thumbnail-image\" width=\"1280\" height=\"720\" alt=\"Colecci\u00f3n &#039;Muertos antes que esclavos&#039;\" decoding=\"async\" title=\"\"><\/p>\n<div class=\"ayg-thumbnail-now-playing\" style=\"display: none;\">Ahora en reproducci\u00f3n<\/div>\n<p><svg xmlns=\"http:\/\/www.w3.org\/2000\/svg\" fill=\"white\" width=\"40\" height=\"40\" viewbox=\"0 0 24 24\" class=\"ayg-icon ayg-thumbnail-icon-play\" title=\"Jugar\" aria-label=\"Jugar\"><path fill-rule=\"evenodd\" d=\"M2.25 12c0-5.385 4.365-9.75 9.75-9.75s9.75 4.365 9.75 9.75-4.365 9.75-9.75 9.75S2.25 17.385 2.25 12Zm14.024-.983a1.125 1.125 0 0 1 0 1.966l-5.603 3.113A1.125 1.125 0 0 1 9 15.113V8.887c0-.857.921-1.4 1.671-.983l5.603 3.113Z\" clip-rule=\"evenodd\" \/><\/svg>\n    <\/div>\n<div class=\"ayg-thumbnail-caption\">\n<div class=\"ayg-thumbnail-title\">Colecci\u00f3n &#039;Muertos antes que esclavos&#039;<\/div>\n<div class=\"ayg-thumbnail-excerpt\">\ud83c\udfa5 \u00a1Est\u00e9n atentos al v\u00eddeo de la colecci\u00f3n &#039;Denantes mortas que slavvas&#039;! \ud83d\ude0d \u00bfQu\u00e9\u2026?<\/div>\n<div class=\"ayg-thumbnail-description\" style=\"display: none;\">\ud83c\udfa5 \u00a1Est\u00e9n atentos al v\u00eddeo de la colecci\u00f3n &#039;Denantes mortas que slavvas&#039;!<\/p>\n<p>\ud83d\ude0d\u00bfQu\u00e9 opinas? \ud83d\udc47\ud83d\udcac<\/p>\n<p>#IIVesposici\u00f3n Virtual #J\u00f3venes Dise\u00f1adores<\/p><\/div>\n<\/p><\/div>\n<\/div><\/div>\n<div class=\"ayg-video ayg-video-LvcgMGZNXvM ayg-col ayg-col-3 ayg-col-xs-2\">\n<div class=\"ayg-thumbnail\" data-id=\"LvcgMGZNXvM\" data-title=\"Colecci\u00f3n &#039;Enxebre I Tradici\u00f3n&#039;\" data-url=\"\">\n<div class=\"ayg-thumbnail-media\" style=\"--ayg-image-ratio: 16 \/ 9\">\n        <img src=\"https:\/\/i.ytimg.com\/vi\/LvcgMGZNXvM\/maxresdefault.jpg\" class=\"ayg-thumbnail-image\" width=\"1280\" height=\"720\" alt=\"Colecci\u00f3n &#039;Pan de Jengibre y Tradici\u00f3n&#039;\" decoding=\"async\" title=\"\"><\/p>\n<div class=\"ayg-thumbnail-now-playing\" style=\"display: none;\">Ahora en reproducci\u00f3n<\/div>\n<p><svg xmlns=\"http:\/\/www.w3.org\/2000\/svg\" fill=\"white\" width=\"40\" height=\"40\" viewbox=\"0 0 24 24\" class=\"ayg-icon ayg-thumbnail-icon-play\" title=\"Jugar\" aria-label=\"Jugar\"><path fill-rule=\"evenodd\" d=\"M2.25 12c0-5.385 4.365-9.75 9.75-9.75s9.75 4.365 9.75 9.75-4.365 9.75-9.75 9.75S2.25 17.385 2.25 12Zm14.024-.983a1.125 1.125 0 0 1 0 1.966l-5.603 3.113A1.125 1.125 0 0 1 9 15.113V8.887c0-.857.921-1.4 1.671-.983l5.603 3.113Z\" clip-rule=\"evenodd\" \/><\/svg>\n    <\/div>\n<div class=\"ayg-thumbnail-caption\">\n<div class=\"ayg-thumbnail-title\">Colecci\u00f3n &#039;Pan de Jengibre y Tradici\u00f3n&#039;<\/div>\n<div class=\"ayg-thumbnail-excerpt\">\ud83c\udfa5 \u00a1Estad atentos al v\u00eddeo de la colecci\u00f3n &#039;Enxebre I Tradici\u00f3n&#039;! \ud83d\udd0e D\u00e9janos\u2026<\/div>\n<div class=\"ayg-thumbnail-description\" style=\"display: none;\">\ud83c\udfa5 \u00a1Estad atentos al v\u00eddeo de la colecci\u00f3n &#039;Enxebre I Tradici\u00f3n&#039;!<\/p>\n<p>\ud83d\udd0e \u00a1D\u00e9janos tu opini\u00f3n en los comentarios! \ud83d\udc47\ud83d\udcac<\/p>\n<p>#IIVesposici\u00f3n Virtual #J\u00f3venes Dise\u00f1adores<\/p><\/div>\n<\/p><\/div>\n<\/div><\/div>\n<div class=\"ayg-video ayg-video-Bzqwsmu6crI ayg-col ayg-col-3 ayg-col-xs-2\">\n<div class=\"ayg-thumbnail\" data-id=\"Bzqwsmu6crI\" data-title=\"Colecci\u00f3n &#039;Matista&#039;\" data-url=\"\">\n<div class=\"ayg-thumbnail-media\" style=\"--ayg-image-ratio: 16 \/ 9\">\n        <img loading=\"lazy\" src=\"https:\/\/i.ytimg.com\/vi\/Bzqwsmu6crI\/maxresdefault.jpg\" class=\"ayg-thumbnail-image\" width=\"1280\" height=\"720\" alt=\"Colecci\u00f3n &#039;Matista&#039;\" decoding=\"async\" title=\"\"><\/p>\n<div class=\"ayg-thumbnail-now-playing\" style=\"display: none;\">Ahora en reproducci\u00f3n<\/div>\n<p><svg xmlns=\"http:\/\/www.w3.org\/2000\/svg\" fill=\"white\" width=\"40\" height=\"40\" viewbox=\"0 0 24 24\" class=\"ayg-icon ayg-thumbnail-icon-play\" title=\"Jugar\" aria-label=\"Jugar\"><path fill-rule=\"evenodd\" d=\"M2.25 12c0-5.385 4.365-9.75 9.75-9.75s9.75 4.365 9.75 9.75-4.365 9.75-9.75 9.75S2.25 17.385 2.25 12Zm14.024-.983a1.125 1.125 0 0 1 0 1.966l-5.603 3.113A1.125 1.125 0 0 1 9 15.113V8.887c0-.857.921-1.4 1.671-.983l5.603 3.113Z\" clip-rule=\"evenodd\" \/><\/svg>\n    <\/div>\n<div class=\"ayg-thumbnail-caption\">\n<div class=\"ayg-thumbnail-title\">Colecci\u00f3n &#039;Matista&#039;<\/div>\n<div class=\"ayg-thumbnail-excerpt\">\ud83c\udfa5 \u00a1Est\u00e9n atentos al v\u00eddeo de la colecci\u00f3n &#039;Matista&#039;! \ud83d\udd0e\u00bfCual es tu opini\u00f3n? \ud83d\udc47\ud83d\udcac\u2026<\/div>\n<div class=\"ayg-thumbnail-description\" style=\"display: none;\">\ud83c\udfa5 \u00a1Est\u00e9n atentos al v\u00eddeo de la colecci\u00f3n &#039;Matista&#039;!<\/p>\n<p>\ud83d\udd0e\u00bfCual es tu opini\u00f3n? \ud83d\udc47\ud83d\udcac<\/p>\n<p>#IIVesposici\u00f3n Virtual #J\u00f3venes Dise\u00f1adores<\/p><\/div>\n<\/p><\/div>\n<\/div><\/div>\n<div class=\"ayg-video ayg-video-84MiLLe5Pjw ayg-col ayg-col-3 ayg-col-xs-2\">\n<div class=\"ayg-thumbnail\" data-id=\"84MiLLe5Pjw\" data-title=\"Colecci\u00f3n &#039;Passaris&#039;\" data-url=\"\">\n<div class=\"ayg-thumbnail-media\" style=\"--ayg-image-ratio: 16 \/ 9\">\n        <img loading=\"lazy\" src=\"https:\/\/i.ytimg.com\/vi\/84MiLLe5Pjw\/maxresdefault.jpg\" class=\"ayg-thumbnail-image\" width=\"1280\" height=\"720\" alt=\"Colecci\u00f3n &#039;Passaris&#039;\" decoding=\"async\" title=\"\"><\/p>\n<div class=\"ayg-thumbnail-now-playing\" style=\"display: none;\">Ahora en reproducci\u00f3n<\/div>\n<p><svg xmlns=\"http:\/\/www.w3.org\/2000\/svg\" fill=\"white\" width=\"40\" height=\"40\" viewbox=\"0 0 24 24\" class=\"ayg-icon ayg-thumbnail-icon-play\" title=\"Jugar\" aria-label=\"Jugar\"><path fill-rule=\"evenodd\" d=\"M2.25 12c0-5.385 4.365-9.75 9.75-9.75s9.75 4.365 9.75 9.75-4.365 9.75-9.75 9.75S2.25 17.385 2.25 12Zm14.024-.983a1.125 1.125 0 0 1 0 1.966l-5.603 3.113A1.125 1.125 0 0 1 9 15.113V8.887c0-.857.921-1.4 1.671-.983l5.603 3.113Z\" clip-rule=\"evenodd\" \/><\/svg>\n    <\/div>\n<div class=\"ayg-thumbnail-caption\">\n<div class=\"ayg-thumbnail-title\">Colecci\u00f3n &#039;Passaris&#039;<\/div>\n<div class=\"ayg-thumbnail-excerpt\">\ud83c\udfa5 \u00a1Est\u00e9n atentos al v\u00eddeo de la colecci\u00f3n &#039;Passaris&#039;! \ud83e\udd14 \u00bfOpiniones? \ud83d\udc47\ud83d\udcac\u2026<\/div>\n<div class=\"ayg-thumbnail-description\" style=\"display: none;\">\ud83c\udfa5 \u00a1Est\u00e9n atentos al v\u00eddeo de la colecci\u00f3n &#039;Passaris&#039;!<\/p>\n<p>\ud83e\udd14 \u00bfOpiniones? \ud83d\udc47\ud83d\udcac<\/p>\n<p>#IIVesposici\u00f3n Virtual #J\u00f3venes Dise\u00f1adores<\/p><\/div>\n<\/p><\/div>\n<\/div><\/div>\n<div class=\"ayg-video ayg-video-za15rx6h4QU ayg-col ayg-col-3 ayg-col-xs-2\">\n<div class=\"ayg-thumbnail\" data-id=\"za15rx6h4QU\" data-title=\"Colecci\u00f3n &#039;Tira y Afloja&#039;\" data-url=\"\">\n<div class=\"ayg-thumbnail-media\" style=\"--ayg-image-ratio: 16 \/ 9\">\n        <img loading=\"lazy\" src=\"https:\/\/i.ytimg.com\/vi\/za15rx6h4QU\/maxresdefault.jpg\" class=\"ayg-thumbnail-image\" width=\"1280\" height=\"720\" alt=\"Colecci\u00f3n &#039;Tirar y soltar&#039;\" decoding=\"async\" title=\"\"><\/p>\n<div class=\"ayg-thumbnail-now-playing\" style=\"display: none;\">Ahora en reproducci\u00f3n<\/div>\n<p><svg xmlns=\"http:\/\/www.w3.org\/2000\/svg\" fill=\"white\" width=\"40\" height=\"40\" viewbox=\"0 0 24 24\" class=\"ayg-icon ayg-thumbnail-icon-play\" title=\"Jugar\" aria-label=\"Jugar\"><path fill-rule=\"evenodd\" d=\"M2.25 12c0-5.385 4.365-9.75 9.75-9.75s9.75 4.365 9.75 9.75-4.365 9.75-9.75 9.75S2.25 17.385 2.25 12Zm14.024-.983a1.125 1.125 0 0 1 0 1.966l-5.603 3.113A1.125 1.125 0 0 1 9 15.113V8.887c0-.857.921-1.4 1.671-.983l5.603 3.113Z\" clip-rule=\"evenodd\" \/><\/svg>\n    <\/div>\n<div class=\"ayg-thumbnail-caption\">\n<div class=\"ayg-thumbnail-title\">Colecci\u00f3n &#039;Tirar y soltar&#039;<\/div>\n<div class=\"ayg-thumbnail-excerpt\">\ud83c\udfa5 \u00a1No os perd\u00e1is el v\u00eddeo de la colecci\u00f3n &#039;Tira y Afloja&#039;! \ud83e\uddcf\u200d\u2640\ufe0f \u00bfQu\u00e9 opinas? \u2026<\/div>\n<div class=\"ayg-thumbnail-description\" style=\"display: none;\">\ud83c\udfa5 \u00a1No os perd\u00e1is el v\u00eddeo de la colecci\u00f3n &#039;Tira y Afloja&#039;!<\/p>\n<p>\ud83e\uddcf\u200d\u2640\ufe0f \u00bfQu\u00e9 opinas? \ud83d\udc47\ud83d\udcac<\/p>\n<p>#IIVesposici\u00f3n Virtual #J\u00f3venes Dise\u00f1adores<\/p><\/div>\n<\/p><\/div>\n<\/div><\/div>\n<div class=\"ayg-video ayg-video-UAhDEuiehk0 ayg-col ayg-col-3 ayg-col-xs-2\">\n<div class=\"ayg-thumbnail\" data-id=\"UAhDEuiehk0\" data-title=\"Colecci\u00f3n &#039;Victoria&#039;\" data-url=\"\">\n<div class=\"ayg-thumbnail-media\" style=\"--ayg-image-ratio: 16 \/ 9\">\n        <img loading=\"lazy\" src=\"https:\/\/i.ytimg.com\/vi\/UAhDEuiehk0\/maxresdefault.jpg\" class=\"ayg-thumbnail-image\" width=\"1280\" height=\"720\" alt=\"Colecci\u00f3n &#039;Victoria&#039;\" decoding=\"async\" title=\"\"><\/p>\n<div class=\"ayg-thumbnail-now-playing\" style=\"display: none;\">Ahora en reproducci\u00f3n<\/div>\n<p><svg xmlns=\"http:\/\/www.w3.org\/2000\/svg\" fill=\"white\" width=\"40\" height=\"40\" viewbox=\"0 0 24 24\" class=\"ayg-icon ayg-thumbnail-icon-play\" title=\"Jugar\" aria-label=\"Jugar\"><path fill-rule=\"evenodd\" d=\"M2.25 12c0-5.385 4.365-9.75 9.75-9.75s9.75 4.365 9.75 9.75-4.365 9.75-9.75 9.75S2.25 17.385 2.25 12Zm14.024-.983a1.125 1.125 0 0 1 0 1.966l-5.603 3.113A1.125 1.125 0 0 1 9 15.113V8.887c0-.857.921-1.4 1.671-.983l5.603 3.113Z\" clip-rule=\"evenodd\" \/><\/svg>\n    <\/div>\n<div class=\"ayg-thumbnail-caption\">\n<div class=\"ayg-thumbnail-title\">Colecci\u00f3n &#039;Victoria&#039;<\/div>\n<div class=\"ayg-thumbnail-excerpt\">\ud83c\udfa5 \u00a1Est\u00e9n atentos al v\u00eddeo de la colecci\u00f3n &#039;Victoria&#039;! \u270c\ufe0f \u00a1Que lo disfrutes! \u2026<\/div>\n<div class=\"ayg-thumbnail-description\" style=\"display: none;\">\ud83c\udfa5 \u00a1Est\u00e9n atentos al v\u00eddeo de la colecci\u00f3n &#039;Victoria&#039;!<\/p>\n<p>\u270c\ufe0f \u00a1Que lo disfrutes!<\/p>\n<p>#IIVesposici\u00f3n Virtual #J\u00f3venes Dise\u00f1adores<\/p><\/div>\n<\/p><\/div>\n<\/div><\/div>\n<div class=\"ayg-video ayg-video-vU3SUNyETIc ayg-col ayg-col-3 ayg-col-xs-2\">\n<div class=\"ayg-thumbnail\" data-id=\"vU3SUNyETIc\" data-title=\"Colecci\u00f3n &#039;Zeitmaschine&#039;\" data-url=\"\">\n<div class=\"ayg-thumbnail-media\" style=\"--ayg-image-ratio: 16 \/ 9\">\n        <img loading=\"lazy\" src=\"https:\/\/i.ytimg.com\/vi\/vU3SUNyETIc\/maxresdefault.jpg\" class=\"ayg-thumbnail-image\" width=\"1280\" height=\"720\" alt=\"Colecci\u00f3n &#039;La m\u00e1quina del tiempo&#039;\" decoding=\"async\" title=\"\"><\/p>\n<div class=\"ayg-thumbnail-now-playing\" style=\"display: none;\">Ahora en reproducci\u00f3n<\/div>\n<p><svg xmlns=\"http:\/\/www.w3.org\/2000\/svg\" fill=\"white\" width=\"40\" height=\"40\" viewbox=\"0 0 24 24\" class=\"ayg-icon ayg-thumbnail-icon-play\" title=\"Jugar\" aria-label=\"Jugar\"><path fill-rule=\"evenodd\" d=\"M2.25 12c0-5.385 4.365-9.75 9.75-9.75s9.75 4.365 9.75 9.75-4.365 9.75-9.75 9.75S2.25 17.385 2.25 12Zm14.024-.983a1.125 1.125 0 0 1 0 1.966l-5.603 3.113A1.125 1.125 0 0 1 9 15.113V8.887c0-.857.921-1.4 1.671-.983l5.603 3.113Z\" clip-rule=\"evenodd\" \/><\/svg>\n    <\/div>\n<div class=\"ayg-thumbnail-caption\">\n<div class=\"ayg-thumbnail-title\">Colecci\u00f3n &#039;La m\u00e1quina del tiempo&#039;<\/div>\n<div class=\"ayg-thumbnail-excerpt\">\u00a1Est\u00e9n atentos al v\u00eddeo de la colecci\u00f3n &#039;Zeitmaschine&#039;! \ud83d\udd70 Montamos en la m\u00e1quina\u2026<\/div>\n<div class=\"ayg-thumbnail-description\" style=\"display: none;\">\u00a1Est\u00e9n atentos al v\u00eddeo de la colecci\u00f3n &#039;Zeitmaschine&#039;!<\/p>\n<p>\u00a1Subamos a la m\u00e1quina del tiempo!<\/p>\n<p>#IIVesposici\u00f3n Virtual #J\u00f3venes Dise\u00f1adores<\/p><\/div>\n<\/p><\/div>\n<\/div><\/div>\n<div class=\"ayg-video ayg-video-CUvTEEG1NBQ ayg-col ayg-col-3 ayg-col-xs-2\">\n<div class=\"ayg-thumbnail\" data-id=\"CUvTEEG1NBQ\" data-title=\"Colecci\u00f3n &#039;Samantha&#039;\" data-url=\"\">\n<div class=\"ayg-thumbnail-media\" style=\"--ayg-image-ratio: 16 \/ 9\">\n        <img loading=\"lazy\" src=\"https:\/\/i.ytimg.com\/vi\/CUvTEEG1NBQ\/maxresdefault.jpg\" class=\"ayg-thumbnail-image\" width=\"1280\" height=\"720\" alt=\"Colecci\u00f3n &#039;Samantha&#039;\" decoding=\"async\" title=\"\"><\/p>\n<div class=\"ayg-thumbnail-now-playing\" style=\"display: none;\">Ahora en reproducci\u00f3n<\/div>\n<p><svg xmlns=\"http:\/\/www.w3.org\/2000\/svg\" fill=\"white\" width=\"40\" height=\"40\" viewbox=\"0 0 24 24\" class=\"ayg-icon ayg-thumbnail-icon-play\" title=\"Jugar\" aria-label=\"Jugar\"><path fill-rule=\"evenodd\" d=\"M2.25 12c0-5.385 4.365-9.75 9.75-9.75s9.75 4.365 9.75 9.75-4.365 9.75-9.75 9.75S2.25 17.385 2.25 12Zm14.024-.983a1.125 1.125 0 0 1 0 1.966l-5.603 3.113A1.125 1.125 0 0 1 9 15.113V8.887c0-.857.921-1.4 1.671-.983l5.603 3.113Z\" clip-rule=\"evenodd\" \/><\/svg>\n    <\/div>\n<div class=\"ayg-thumbnail-caption\">\n<div class=\"ayg-thumbnail-title\">Colecci\u00f3n &#039;Samantha&#039;<\/div>\n<div class=\"ayg-thumbnail-excerpt\">\ud83c\udfa5 \u00a1Est\u00e9n atentos al v\u00eddeo de la colecci\u00f3n &#039;Samantha&#039;! \u270c\ufe0f \u00a1Que lo disfrutes! \u2026<\/div>\n<div class=\"ayg-thumbnail-description\" style=\"display: none;\">\ud83c\udfa5 \u00a1Est\u00e9n atentos al v\u00eddeo de la colecci\u00f3n &#039;Samantha&#039;!<\/p>\n<p>\u270c\ufe0f \u00a1Que lo disfrutes!<\/p>\n<p>#IIVesposici\u00f3n Virtual #J\u00f3venes Dise\u00f1adores<\/p><\/div>\n<\/p><\/div>\n<\/div><\/div>\n<div class=\"ayg-video ayg-video-bh1XysmoYbs ayg-col ayg-col-3 ayg-col-xs-2\">\n<div class=\"ayg-thumbnail\" data-id=\"bh1XysmoYbs\" data-title=\"Inauguraci\u00f3n da II Mostra Virtual por Sandra Insua\" data-url=\"\">\n<div class=\"ayg-thumbnail-media\" style=\"--ayg-image-ratio: 16 \/ 9\">\n        <img loading=\"lazy\" src=\"https:\/\/i.ytimg.com\/vi\/bh1XysmoYbs\/maxresdefault.jpg\" class=\"ayg-thumbnail-image\" width=\"1280\" height=\"720\" alt=\"Inauguraci\u00f3n de la II Exposici\u00f3n Virtual de Sandra Insua\" decoding=\"async\" title=\"\"><\/p>\n<div class=\"ayg-thumbnail-now-playing\" style=\"display: none;\">Ahora en reproducci\u00f3n<\/div>\n<p><svg xmlns=\"http:\/\/www.w3.org\/2000\/svg\" fill=\"white\" width=\"40\" height=\"40\" viewbox=\"0 0 24 24\" class=\"ayg-icon ayg-thumbnail-icon-play\" title=\"Jugar\" aria-label=\"Jugar\"><path fill-rule=\"evenodd\" d=\"M2.25 12c0-5.385 4.365-9.75 9.75-9.75s9.75 4.365 9.75 9.75-4.365 9.75-9.75 9.75S2.25 17.385 2.25 12Zm14.024-.983a1.125 1.125 0 0 1 0 1.966l-5.603 3.113A1.125 1.125 0 0 1 9 15.113V8.887c0-.857.921-1.4 1.671-.983l5.603 3.113Z\" clip-rule=\"evenodd\" \/><\/svg>\n    <\/div>\n<div class=\"ayg-thumbnail-caption\">\n<div class=\"ayg-thumbnail-title\">Inauguraci\u00f3n de la II Exposici\u00f3n Virtual de Sandra Insua<\/div>\n<div class=\"ayg-thumbnail-excerpt\">\ud83c\udfa5 Con este mensaje de la alcaldesa de Camari\u00f1as, Sandra Insua, cortamos el\u2026<\/div>\n<div class=\"ayg-thumbnail-description\" style=\"display: none;\"><span class=\"ayg-player-description-less\">\ud83c\udfa5 Con este mensaje de la alcaldesa de Camari\u00f1as, Sandra Insua, cortamos la cinta del #encaixe virtual que marca la inauguraci\u00f3n de esta #IIMostraVirtual! \ud83d\udc4f<\/p>\n<p>\ud83d\udd0e \u00danete a nosotros desde hoy hasta el d\u00eda 4 <span class=\"ayg-player-description-dots\">\u2026<\/span><\/span><span class=\"ayg-player-description-more\">\u00a1Abril!<\/span><a href=\"#\" class=\"ayg-player-description-toggle-btn\">Mostrar m\u00e1s<\/a><\/div>\n<\/p><\/div>\n<\/div><\/div>\n<div class=\"ayg-video ayg-video-wwbAcQ_Twiw ayg-col ayg-col-3 ayg-col-xs-2\">\n<div class=\"ayg-thumbnail\" data-id=\"wwbAcQ_Twiw\" data-title=\"Mensaxe de clausura da II Mostra Virtual de Encarna Li\u00f1eiro\" data-url=\"\">\n<div class=\"ayg-thumbnail-media\" style=\"--ayg-image-ratio: 16 \/ 9\">\n        <img loading=\"lazy\" src=\"https:\/\/i.ytimg.com\/vi\/wwbAcQ_Twiw\/maxresdefault.jpg\" class=\"ayg-thumbnail-image\" width=\"1280\" height=\"720\" alt=\"Mensaje de clausura de la II Exposici\u00f3n Virtual de Encarna Li\u00f1eiro\" decoding=\"async\" title=\"\"><\/p>\n<div class=\"ayg-thumbnail-now-playing\" style=\"display: none;\">Ahora en reproducci\u00f3n<\/div>\n<p><svg xmlns=\"http:\/\/www.w3.org\/2000\/svg\" fill=\"white\" width=\"40\" height=\"40\" viewbox=\"0 0 24 24\" class=\"ayg-icon ayg-thumbnail-icon-play\" title=\"Jugar\" aria-label=\"Jugar\"><path fill-rule=\"evenodd\" d=\"M2.25 12c0-5.385 4.365-9.75 9.75-9.75s9.75 4.365 9.75 9.75-4.365 9.75-9.75 9.75S2.25 17.385 2.25 12Zm14.024-.983a1.125 1.125 0 0 1 0 1.966l-5.603 3.113A1.125 1.125 0 0 1 9 15.113V8.887c0-.857.921-1.4 1.671-.983l5.603 3.113Z\" clip-rule=\"evenodd\" \/><\/svg>\n    <\/div>\n<div class=\"ayg-thumbnail-caption\">\n<div class=\"ayg-thumbnail-title\">Mensaje de clausura de la II Exposici\u00f3n Virtual de Encarna Li\u00f1eiro<\/div>\n<div class=\"ayg-thumbnail-excerpt\">\ud83c\udf89Despu\u00e9s de varios d\u00edas muy intensos y disfrutables con todo el material de este\u2026<\/div>\n<div class=\"ayg-thumbnail-description\" style=\"display: none;\"><span class=\"ayg-player-description-less\">\ud83c\udf89 Despu\u00e9s de varios d\u00edas muy intensos y disfrutables con todo el material de esta #IIMostraVirtual, llega el \ud83d\udde3 mensaje de clausura de la concejala de Cultura, Inversiones y Turismo, Encarna. <span class=\"ayg-player-description-dots\">\u2026<\/span><\/span><span class=\"ayg-player-description-more\">Lino.<\/p>\n<p>\ud83e\udd70 \u00a1Muchas gracias a todos los que hicieron posible el evento! \ud83d\udc4f<\/span><a href=\"#\" class=\"ayg-player-description-toggle-btn\">Mostrar m\u00e1s<\/a><\/div>\n<\/p><\/div>\n<\/div><\/div>\n<div class=\"ayg-video ayg-video-0i7ap83cceY ayg-col ayg-col-3 ayg-col-xs-2\">\n<div class=\"ayg-thumbnail\" data-id=\"0i7ap83cceY\" data-title=\"Colecci\u00f3n &#039;Leo&#039;\" data-url=\"\">\n<div class=\"ayg-thumbnail-media\" style=\"--ayg-image-ratio: 16 \/ 9\">\n        <img loading=\"lazy\" src=\"https:\/\/i.ytimg.com\/vi\/0i7ap83cceY\/maxresdefault.jpg\" class=\"ayg-thumbnail-image\" width=\"1280\" height=\"720\" alt=\"Colecci\u00f3n &#039;Leo&#039;\" decoding=\"async\" title=\"\"><\/p>\n<div class=\"ayg-thumbnail-now-playing\" style=\"display: none;\">Ahora en reproducci\u00f3n<\/div>\n<p><svg xmlns=\"http:\/\/www.w3.org\/2000\/svg\" fill=\"white\" width=\"40\" height=\"40\" viewbox=\"0 0 24 24\" class=\"ayg-icon ayg-thumbnail-icon-play\" title=\"Jugar\" aria-label=\"Jugar\"><path fill-rule=\"evenodd\" d=\"M2.25 12c0-5.385 4.365-9.75 9.75-9.75s9.75 4.365 9.75 9.75-4.365 9.75-9.75 9.75S2.25 17.385 2.25 12Zm14.024-.983a1.125 1.125 0 0 1 0 1.966l-5.603 3.113A1.125 1.125 0 0 1 9 15.113V8.887c0-.857.921-1.4 1.671-.983l5.603 3.113Z\" clip-rule=\"evenodd\" \/><\/svg>\n    <\/div>\n<div class=\"ayg-thumbnail-caption\">\n<div class=\"ayg-thumbnail-title\">Colecci\u00f3n &#039;Leo&#039;<\/div>\n<div class=\"ayg-thumbnail-excerpt\">\ud83c\udfa5 \u00a1Est\u00e9n atentos al v\u00eddeo de la colecci\u00f3n &#039;Leo&#039;! \ud83d\udd0e D\u00e9janos tu opini\u00f3n\u2026<\/div>\n<div class=\"ayg-thumbnail-description\" style=\"display: none;\">\ud83c\udfa5 \u00a1Est\u00e9n atentos al v\u00eddeo de la colecci\u00f3n &#039;Leo&#039;!<\/p>\n<p>\ud83d\udd0e \u00a1D\u00e9janos tu opini\u00f3n en los comentarios! \ud83d\udc47\ud83d\udcac<\/p>\n<p>#IIVesposici\u00f3n Virtual #J\u00f3venes Dise\u00f1adores<\/p><\/div>\n<\/p><\/div>\n<\/div><\/div>\n<\/p><\/div>\n<p>        <ayg-pagination class=\"ayg-pagination\" data-params=\"{&quot;uid&quot;:&quot;04b1ef11df6c3e478da165c6c8915b2e&quot;,&quot;post_id&quot;:2159,&quot;type&quot;:&quot;playlist&quot;,&quot;src&quot;:&quot;PL8Pn8CjwtYRh_9zi53rcvvoXKkF_em-om&quot;,&quot;order&quot;:&quot;relevance&quot;,&quot;limit&quot;:500,&quot;per_page&quot;:12,&quot;cache&quot;:86400,&quot;columns&quot;:3,&quot;thumb_ratio&quot;:56.25,&quot;thumb_title&quot;:1,&quot;thumb_title_length&quot;:0,&quot;thumb_excerpt&quot;:1,&quot;thumb_excerpt_length&quot;:75,&quot;player_description&quot;:1,&quot;total_pages&quot;:3,&quot;paged&quot;:1,&quot;next_page_token&quot;:&quot;EAAaHlBUOkNBd2lFRGs0TkVNMU9EUkNNRGcyUVVFMlJESQ&quot;,&quot;prev_page_token&quot;:&quot;&quot;}\"><\/p>\n<div class=\"ayg-pagination-next\">\n            <button type=\"button\" class=\"ayg-btn ayg-pagination-next-btn\" data-type=\"more\">Cargar m\u00e1s<\/button>\n        <\/div>\n<p>    <\/ayg-pagination>    <\/ayg-theme-classic>\n<\/div>\n\t\t\t\t\t\t\t\t<\/div>\n\t\t\t\t<\/div>\n\t\t\t\t\t<\/div>\n\t\t<\/div>\n\t\t\t\t\t<\/div>\n\t\t<\/section>\n\t\t\t\t<\/div>","protected":false},"excerpt":{"rendered":"","protected":false},"author":1,"featured_media":0,"parent":2098,"menu_order":0,"comment_status":"closed","ping_status":"closed","template":"","meta":{"footnotes":""},"class_list":["post-2159","page","type-page","status-publish","hentry"],"_links":{"self":[{"href":"https:\/\/mostra.es\/es\/wp-json\/wp\/v2\/pages\/2159","targetHints":{"allow":["GET"]}}],"collection":[{"href":"https:\/\/mostra.es\/es\/wp-json\/wp\/v2\/pages"}],"about":[{"href":"https:\/\/mostra.es\/es\/wp-json\/wp\/v2\/types\/page"}],"author":[{"embeddable":true,"href":"https:\/\/mostra.es\/es\/wp-json\/wp\/v2\/users\/1"}],"replies":[{"embeddable":true,"href":"https:\/\/mostra.es\/es\/wp-json\/wp\/v2\/comments?post=2159"}],"version-history":[{"count":0,"href":"https:\/\/mostra.es\/es\/wp-json\/wp\/v2\/pages\/2159\/revisions"}],"up":[{"embeddable":true,"href":"https:\/\/mostra.es\/es\/wp-json\/wp\/v2\/pages\/2098"}],"wp:attachment":[{"href":"https:\/\/mostra.es\/es\/wp-json\/wp\/v2\/media?parent=2159"}],"curies":[{"name":"gracias","href":"https:\/\/api.w.org\/{rel}","templated":true}]}}