{"id":3235,"date":"2022-03-26T06:56:00","date_gmt":"2022-03-26T06:56:00","guid":{"rendered":"https:\/\/mostra.es\/?page_id=3235"},"modified":"2022-04-02T06:18:27","modified_gmt":"2022-04-02T06:18:27","slug":"greetings-encarna-lineiro-councilwoman-lace","status":"publish","type":"page","link":"https:\/\/mostra.es\/en\/saudo-encarna-lineiro-concelleira-encaixe\/","title":{"rendered":"Greetings from Encarna Li\u00f1eiro, Councilor of Encaixe"},"content":{"rendered":"<p>As Councillor for Lace, I welcome you to the website of the Camari\u00f1as Lace Exhibition of the Provincial Council of A Coru\u00f1a, a useful communication space that aims to bring the tradition of lace and the programming and news of the event to all citizens.<\/p>\n\n\n\n<p>From this portal open to the world, we show you what you can see if you visit the fashion capital during Easter: Camari\u00f1as. A fashion catwalk that brings together some of the best designers in the country and the sector&#039;s promising young designers through the new designers&#039; competition.<\/p>\n\n\n\n<p>I invite you to come and meet us and enjoy the beautiful landscapes and heritage that surrounds us: Cabo Vil\u00e1n and its imposing lighthouse, the English Cemetery, the Museum of Man and its open-air work, the Virxe do Monte or the spectacular beaches of fine white sand on our coast.<\/p>","protected":false},"excerpt":{"rendered":"<p>Como Concelleira de Encaixe, douvos a benvida \u00e1 web da Mostra do Encaixe de Camari\u00f1as Deputaci\u00f3n da Coru\u00f1a, un espazo de comunicaci\u00f3n \u00fatil e que ten o obxectivo de achegar a tradici\u00f3n do encaixe e a programaci\u00f3n e as novidades do evento a toda a cidadan\u00eda. Desde este portal aberto ao mundo amos\u00e1mosvos o que [&hellip;]<\/p>\n","protected":false},"author":3,"featured_media":3259,"parent":0,"menu_order":0,"comment_status":"closed","ping_status":"closed","template":"","meta":{"footnotes":""},"class_list":["post-3235","page","type-page","status-publish","has-post-thumbnail","hentry"],"_links":{"self":[{"href":"https:\/\/mostra.es\/en\/wp-json\/wp\/v2\/pages\/3235","targetHints":{"allow":["GET"]}}],"collection":[{"href":"https:\/\/mostra.es\/en\/wp-json\/wp\/v2\/pages"}],"about":[{"href":"https:\/\/mostra.es\/en\/wp-json\/wp\/v2\/types\/page"}],"author":[{"embeddable":true,"href":"https:\/\/mostra.es\/en\/wp-json\/wp\/v2\/users\/3"}],"replies":[{"embeddable":true,"href":"https:\/\/mostra.es\/en\/wp-json\/wp\/v2\/comments?post=3235"}],"version-history":[{"count":0,"href":"https:\/\/mostra.es\/en\/wp-json\/wp\/v2\/pages\/3235\/revisions"}],"wp:featuredmedia":[{"embeddable":true,"href":"https:\/\/mostra.es\/en\/wp-json\/wp\/v2\/media\/3259"}],"wp:attachment":[{"href":"https:\/\/mostra.es\/en\/wp-json\/wp\/v2\/media?parent=3235"}],"curies":[{"name":"wp","href":"https:\/\/api.w.org\/{rel}","templated":true}]}}